{"id":265,"date":"2016-12-26T12:06:06","date_gmt":"2016-12-26T12:06:06","guid":{"rendered":"http:\/\/cityhostel.axiomthemes.com\/?page_id=265"},"modified":"2023-08-22T00:37:37","modified_gmt":"2023-08-22T05:37:37","slug":"nosotros","status":"publish","type":"page","link":"https:\/\/www.oasishostel.com\/w\/nosotros\/","title":{"rendered":"Nosotros"},"content":{"rendered":"<div class=\"wpb-content-wrapper\"><p>[vc_row full_width=&#8221;stretch_row&#8221; css=&#8221;.vc_custom_1482750313829{background-color: #f7f5f2 !important;}&#8221;][vc_column width=&#8221;1\/6&#8243;][\/vc_column][vc_column width=&#8221;2\/3&#8243;][vc_empty_space alter_height=&#8221;huge&#8221; hide_on_mobile=&#8221;&#8221; css=&#8221;.vc_custom_1485163801714{margin-bottom: 1.4rem !important;}&#8221;]<div id=\"sc_title_1059177605\"\n\t\tclass=\"sc_title sc_title_default\"><h2 class=\"sc_item_title sc_title_title sc_align_center sc_item_title_style_default\">\u00a1Bienvenido!<\/h2><h6 class=\"sc_item_subtitle sc_title_subtitle sc_align_center sc_item_title_style_default\">nosotros<\/h6><\/div><!-- \/.sc_title -->[vc_empty_space alter_height=&#8221;small&#8221; hide_on_mobile=&#8221;&#8221;][vc_empty_space alter_height=&#8221;small&#8221; hide_on_mobile=&#8221;&#8221; css=&#8221;.vc_custom_1485163841929{margin-top: -0.1rem !important;}&#8221;][vc_column_text]Te damos la bienvenida a nuestro hostal. Abrimos nuestras puertas en el 2005, estamos orgullosos de ser el primer hostal para almas j\u00f3venes en Vallarta.<\/p>\n<p>Somos una familia mexicana que decidi\u00f3 comenzar a construir poco a poco nuestro hostal en un barrio aut\u00e9nticamente <u>vallartense<\/u>, contamos dormitorios Mixtos, Femenino y habitaciones Privadas distribuidas en 4 pisos. Es la colecci\u00f3n de nuestras experiencias de viajes en diferentes hostales del mundo.<\/p>\n<p>Oasis est\u00e1 cerca de la rivera del rio Cuale. Ubicado a solo 17 minutos caminando de la playa, tambi\u00e9n puedes tomar el cami\u00f3n (transporte p\u00fablico) justo frente al hostel y solo tomaras 2 minutos en llegar. Alrededor de nosotros podr\u00e1s encontrar tiendas para comprar las cosas de uso diario.<\/p>\n<p>&nbsp;<\/p>\n<p>Ven y con\u00f3cenos. No te arrepentir\u00e1s.[\/vc_column_text][vc_empty_space alter_height=&#8221;medium&#8221; hide_on_mobile=&#8221;&#8221; css=&#8221;.vc_custom_1485163901490{margin-bottom: 0.5rem !important;}&#8221;][vc_images_carousel images=&#8221;1092,1099,1157,1274&#8243; img_size=&#8221;medium&#8221; onclick=&#8221;link_no&#8221; speed=&#8221;2300&#8243; autoplay=&#8221;yes&#8221; hide_pagination_control=&#8221;yes&#8221; wrap=&#8221;yes&#8221; css_animation=&#8221;none&#8221;][vc_empty_space alter_height=&#8221;huge&#8221; hide_on_mobile=&#8221;&#8221; css=&#8221;.vc_custom_1485163938177{margin-bottom: 1.25rem !important;}&#8221;][\/vc_column][vc_column width=&#8221;1\/6&#8243;][\/vc_column][\/vc_row][vc_row][vc_column]<div class=\"sc_layouts sc_layouts_default sc_layouts_492\">[vc_row full_width=\"stretch_row\" css=\".vc_custom_1650513132381{background-image: url(https:\/\/www.oasishostel.com\/w\/wp-content\/uploads\/2017\/01\/38602208626_18758627f6_4k-scaled.jpg?id=1156) !important;background-position: center !important;background-repeat: no-repeat !important;background-size: cover !important;}\"][vc_column width=\"2\/3\" offset=\"vc_col-lg-7 vc_col-md-7\"][vc_empty_space alter_height=\"huge\" hide_on_mobile=\"\"][vc_empty_space alter_height=\"medium\" hide_on_mobile=\"\" css=\".vc_custom_1485165527956{margin-bottom: 0.6rem !important;}\"]<div class=\"sc_layouts_item\"><div id=\"sc_title_847337766\"\n\t\tclass=\"scheme_dark sc_title sc_title_default\"><h1 class=\"sc_item_title sc_title_title sc_align_default sc_item_title_style_default sc_item_title_tag\">Tours<\/h1><\/div><!-- \/.sc_title --><\/div>[vc_empty_space alter_height=\"small\" hide_on_mobile=\"\"][vc_column_text scheme=\"dark\"]\r\n<h6 class=\"trx_addons_no_margin\">Agrega un tour a tu reserva<\/h6>\r\n[\/vc_column_text][vc_empty_space alter_height=\"small\" hide_on_mobile=\"\"]<div class=\"sc_layouts_item\"><div class=\"sc_item_button sc_button_wrap\"><a href=\"https:\/\/forms.zohopublic.com\/oasishostel\/form\/TOURSES\/formperma\/14RxhmqiNH4o9dZcic_uiLgXkDdAo8n65S4c-zxfkho\" id=\"sc_button_471213448\" class=\"sc_button sc_button_default sc_button_size_normal sc_button_icon_left\"><span class=\"sc_button_text\"><span class=\"sc_button_title\">\u00a1Reserva!<\/span><\/span><!-- \/.sc_button_text --><\/a><!-- \/.sc_button --><\/div><!-- \/.sc_item_button --><\/div>[vc_empty_space alter_height=\"huge\" hide_on_mobile=\"\"][vc_empty_space alter_height=\"medium\" hide_on_mobile=\"\" css=\".vc_custom_1485166104970{margin-bottom: 0.4rem !important;}\"][\/vc_column][vc_column width=\"1\/4\" offset=\"vc_hidden-sm vc_hidden-xs\"][\/vc_column][vc_column width=\"1\/3\" offset=\"vc_col-lg-2 vc_col-md-2 vc_hidden-xs\"][vc_empty_space alter_height=\"huge\" hide_on_mobile=\"\"][vc_empty_space alter_height=\"medium\" hide_on_mobile=\"\" css=\".vc_custom_1485166199084{margin-bottom: 0.8rem !important;}\"][\/vc_column][\/vc_row]<\/div>[\/vc_column][\/vc_row][vc_row][vc_column]<div class=\"sc_layouts sc_layouts_default sc_layouts_443\">[vc_row][vc_column][vc_empty_space alter_height=\"huge\" hide_on_mobile=\"\"]<div class=\"sc_layouts_item\"><div id=\"sc_title_461122570\"\n\t\tclass=\"sc_title sc_title_default\"><h2 class=\"sc_item_title sc_title_title sc_align_center sc_item_title_style_default\">Habitaciones<\/h2><h6 class=\"sc_item_subtitle sc_title_subtitle sc_align_center sc_item_title_style_default\">Habitaci\u00f3n Privada \/ Habitaci\u00f3n tipo dormitorio<\/h6><\/div><!-- \/.sc_title --><\/div>[vc_empty_space alter_height=\"medium\" hide_on_mobile=\"\"]<div class=\"sc_layouts_item\"><div id=\"widget_slider_723709377\" class=\"widget_area sc_widget_slider vc_widget_slider wpb_content_element\"><aside id=\"widget_slider_723709377_widget\" class=\"widget widget_slider\">\t\t\t<div class=\"slider_wrap slider_engine_swiper\">\n\t\t\t\t<div id=\"widget_slider_723709377_outer\" class=\"slider_swiper_outer slider_style_default slider_outer_nocontrols slider_outer_pagination slider_outer_pagination_bullets slider_outer_titles_center slider_outer_multi\"><div id=\"widget_slider_723709377_swiper\" class=\"slider_swiper swiper-slider-container slider_nocontrols slider_pagination slider_pagination_bullets slider_titles_center slider_multi slider_noresize slider_height_auto slider_type_bg\" data-ratio=\"16:9\" data-interval=\"7000\" data-effect=\"slide\" data-pagination=\"bullets\" data-slides-per-view=\"3\" data-slides-space=\"30\">\n\t\t\t\t\t\t<div class=\"swiper-wrapper\"><div  id=\"slide_1182345547\" class=\"swiper-slide\" style=\"\"><div class=\"slide_content\"><div class=\"sc_layouts_item\"><div  id=\"sc_price_529898788\" \n\tclass=\"sc_price sc_price_default\"><a href=\"https:\/\/www.oasishostel.com\/w\/habitacion-privada\/\" class=\"sc_price_image\"><div class=\"sc_price_details\">Acceso a caja fuerte, A\/C, Toallas, Perchero.<\/div><img loading=\"lazy\" decoding=\"async\" src=\"https:\/\/www.oasishostel.com\/w\/wp-content\/uploads\/2017\/01\/IMG_4939-740x566.jpg\" alt=\"IMG_4939-740x566.jpg\" width=\"740\" height=\"566\"><\/a><div class=\"sc_price_info\"><div class=\"sc_price_title\"><a href=\"https:\/\/www.oasishostel.com\/w\/habitacion-privada\/\">Habitaci\u00f3n 1 Cama (Privado)<\/a><\/div><div class=\"sc_price_price\"><span class=\"sc_price_value\">$679<\/span><\/div><a href=\"https:\/\/www.oasishostel.com\/w\/habitacion-privada\/\" class=\"sc_price_link\">Ver mas<\/a><\/div>\n<\/div><\/div><\/div><\/div><div  id=\"slide_389690549\" class=\"swiper-slide\" style=\"\"><div class=\"slide_content\"><div class=\"sc_layouts_item\"><div  id=\"sc_price_932788744\" \n\tclass=\"sc_price sc_price_default\"><a href=\"https:\/\/www.oasishostel.com\/w\/fem\" class=\"sc_price_image\"><div class=\"sc_price_details\">Lockers, Ba\u00f1o Privado, Cama litera<\/div><img loading=\"lazy\" decoding=\"async\" src=\"https:\/\/www.oasishostel.com\/w\/wp-content\/uploads\/2017\/01\/IMG_4935-740x566.jpg\" alt=\"IMG_4935-740x566.jpg\" width=\"740\" height=\"566\"><\/a><div class=\"sc_price_info\"><div class=\"sc_price_title\"><a href=\"https:\/\/www.oasishostel.com\/w\/fem\">Femenino 6 camas (Dormitorio)<\/a><\/div><div class=\"sc_price_price\"><span class=\"sc_price_value\">$279<\/span><\/div><a href=\"https:\/\/www.oasishostel.com\/w\/fem\" class=\"sc_price_link\">Ver mas<\/a><\/div>\n<\/div><\/div><\/div><\/div><div  id=\"slide_483306416\" class=\"swiper-slide\" style=\"\"><div class=\"slide_content\"><div class=\"sc_layouts_item\"><div  id=\"sc_price_1353284528\" \n\tclass=\"sc_price sc_price_default\"><a href=\"\/double-room-private\/\" class=\"sc_price_image\"><div class=\"sc_price_details\">Lockers, Ba\u00f1o compartido, Cama litera<\/div><img loading=\"lazy\" decoding=\"async\" src=\"https:\/\/www.oasishostel.com\/w\/wp-content\/uploads\/2017\/01\/IMG_4941-740x566.jpg\" alt=\"IMG_4941-740x566.jpg\" width=\"740\" height=\"566\"><\/a><div class=\"sc_price_info\"><div class=\"sc_price_title\"><a href=\"\/double-room-private\/\">Mixto 8 Camas (Dormitorio)<\/a><\/div><div class=\"sc_price_price\"><span class=\"sc_price_value\">$279<\/span><\/div><a href=\"\/double-room-private\/\" class=\"sc_price_link\">Ver mas<\/a><\/div>\n<\/div><\/div><\/div><\/div><\/div><div class=\"slider_pagination_wrap swiper-pagination\"><\/div><\/div><\/div>\t\t\t<\/div>\n\t\t\t<\/aside><\/div><\/div>[vc_empty_space alter_height=\"huge\" hide_on_mobile=\"\"][\/vc_column][\/vc_row]<\/div>[\/vc_column][\/vc_row][vc_row][vc_column]<div class=\"sc_layouts sc_layouts_default sc_layouts_444\">[vc_row full_width=\"stretch_row\" css=\".vc_custom_1482506013346{background-color: #8abb6a !important;}\"][vc_column][vc_empty_space alter_height=\"medium\" hide_on_mobile=\"\" css=\".vc_custom_1485161479490{margin-bottom: 0.5rem !important;}\"][vc_column_text scheme=\"dark\"]\r\n<h4 class=\"trx_addons_no_margin\" style=\"text-align: center;\">Suscr\u00edbete<\/h4>\r\n<h4 class=\"trx_addons_no_margin\" style=\"text-align: center;\">y recibe promociones<\/h4>\r\n[\/vc_column_text][vc_empty_space alter_height=\"small\" hide_on_mobile=\"\"][vc_column_text]<script>(function() {\n\twindow.mc4wp = window.mc4wp || {\n\t\tlisteners: [],\n\t\tforms: {\n\t\t\ton: function(evt, cb) {\n\t\t\t\twindow.mc4wp.listeners.push(\n\t\t\t\t\t{\n\t\t\t\t\t\tevent   : evt,\n\t\t\t\t\t\tcallback: cb\n\t\t\t\t\t}\n\t\t\t\t);\n\t\t\t}\n\t\t}\n\t}\n})();\n<\/script><!-- Mailchimp for WordPress v4.10.2 - https:\/\/wordpress.org\/plugins\/mailchimp-for-wp\/ --><form id=\"mc4wp-form-1\" class=\"mc4wp-form mc4wp-form-422\" method=\"post\" data-id=\"422\" data-name=\"Form1\" ><div class=\"mc4wp-form-fields\"><input type=\"email\" name=\"EMAIL\" placeholder=\"Tu direccion de e-mail\" required \/>\r\n<input type=\"submit\" value=\"Enviar\" \/>\r\n<\/div><label style=\"display: none !important;\">Leave this field empty if you're human: <input type=\"text\" name=\"_mc4wp_honeypot\" value=\"\" tabindex=\"-1\" autocomplete=\"off\" \/><\/label><input type=\"hidden\" name=\"_mc4wp_timestamp\" value=\"1775557830\" \/><input type=\"hidden\" name=\"_mc4wp_form_id\" value=\"422\" \/><input type=\"hidden\" name=\"_mc4wp_form_element_id\" value=\"mc4wp-form-1\" \/><div class=\"mc4wp-response\"><\/div><\/form><!-- \/ Mailchimp for WordPress Plugin -->[\/vc_column_text][vc_empty_space alter_height=\"medium\" hide_on_mobile=\"\" css=\".vc_custom_1485161592290{margin-bottom: 1.15rem !important;}\"][\/vc_column][\/vc_row]<\/div>[\/vc_column][\/vc_row][vc_row][vc_column]<div class=\"sc_layouts sc_layouts_default sc_layouts_507\">[vc_row full_width=\"stretch_row_content_no_spaces\"][vc_column width=\"1\/2\"][vc_row_inner][vc_column_inner width=\"1\/6\" offset=\"vc_col-lg-4 vc_col-md-4\"][\/vc_column_inner][vc_column_inner width=\"5\/6\" css=\".vc_custom_1485178556155{padding-left: 3.5em !important;}\" offset=\"vc_col-lg-8 vc_col-md-8\"][vc_empty_space alter_height=\"huge\" hide_on_mobile=\"\"]<div class=\"sc_layouts_item\"><div id=\"sc_title_1384146226\"\n\t\tclass=\"sc_title sc_title_default\"><h2 class=\"sc_item_title sc_title_title sc_align_default sc_item_title_style_default\">Contacto<\/h2><\/div><!-- \/.sc_title --><\/div>[vc_empty_space height=\"2.9rem\" alter_height=\"none\" hide_on_mobile=\"\"]<div class=\"sc_layouts_item\"><div\n\t id=\"sc_form_2107850666\" \n\tclass=\"sc_form sc_form_modern sc_align_default\"\n\t\t>\n\n\t\n\t<form class=\"sc_form_form sc_input_hover_path\" method=\"post\" action=\"https:\/\/www.oasishostel.com\/w\/wp-admin\/admin-ajax.php\">\n\n\t\t<div class=\"sc_form_info\">\n\t\t\t<div class=\"trx_addons_columns_wrap columns_padding_bottom\"><div class=\"trx_addons_column-1_3\">\n\t\t\t\t\t\t<div class=\"sc_form_info_item sc_form_info_item_address\">\n\t\t\t\t\t\t\t<span class=\"sc_form_info_icon\"><\/span>\n\t\t\t\t\t\t\t<span class=\"sc_form_info_data\"><span>Libramiento 222 Col. Benito Juarez, Puerto Vallarta, Jal. Mexico<\/span><\/span>\n\t\t\t\t\t\t<\/div>\n\t\t\t\t\t<\/div><div class=\"trx_addons_column-1_3\">\n\t\t\t\t\t\t<div class=\"sc_form_info_item sc_form_info_item_email\">\n\t\t\t\t\t\t\t<span class=\"sc_form_info_icon\"><\/span>\n\t\t\t\t\t\t\t<span class=\"sc_form_info_data\"><a href=\"mailto:info@oasishostel.com\">info@oasishostel.com<\/a><\/span>\n\t\t\t\t\t\t<\/div>\n\t\t\t\t\t<\/div><div class=\"trx_addons_column-1_3\">\n\t\t\t\t\t\t<div class=\"sc_form_info_item sc_form_info_item_phone\">\n\t\t\t\t\t\t\t<span class=\"sc_form_info_icon\"><\/span>\n\t\t\t\t\t\t\t<span class=\"sc_form_info_data\"><span>(322) 222 2636<\/span><\/span>\n\t\t\t\t\t\t<\/div>\n\t\t\t\t\t<\/div><\/div>\n\t\t<\/div><!-- \/.sc_form_info -->\n\n\t\t<div class=\"sc_form_fields\">\n\t\t\t<div class=\"trx_addons_columns_wrap\"><div class=\"sc_form_details trx_addons_column-1_2\"><label class=\"sc_form_field sc_form_field_name required\">\n\t\t<span class=\"sc_form_field_wrap\"><input type=\"text\" \n\t\t\t\t\tname=\"name\"\n\t\t\t\t\tid=\"name\"\n\t\t\t\t\tvalue=\"\"\n\t\t\t\t\t aria-required=\"true\"\t\t\t\t\t\t\t\t\t\t><span class=\"sc_form_field_hover\"><svg class=\"sc_form_field_graphic\" preserveAspectRatio=\"none\" viewBox=\"0 0 520 75\" height=\"100%\" width=\"100%\"><path d=\"m0,0l520,0l0,75l-520,0l0,-75z\"><\/svg><span class=\"sc_form_field_content\" data-content=\"Name\">Name<\/span><\/span>\t<\/span>\n<\/label>\n<label class=\"sc_form_field sc_form_field_email required\">\n\t\t<span class=\"sc_form_field_wrap\"><input type=\"text\" \n\t\t\t\t\tname=\"email\"\n\t\t\t\t\tid=\"email\"\n\t\t\t\t\tvalue=\"\"\n\t\t\t\t\t aria-required=\"true\"\t\t\t\t\t\t\t\t\t\t><span class=\"sc_form_field_hover\"><svg class=\"sc_form_field_graphic\" preserveAspectRatio=\"none\" viewBox=\"0 0 520 75\" height=\"100%\" width=\"100%\"><path d=\"m0,0l520,0l0,75l-520,0l0,-75z\"><\/svg><span class=\"sc_form_field_content\" data-content=\"E-mail\">E-mail<\/span><\/span>\t<\/span>\n<\/label>\n\t\t\t\t<\/div><div class=\"sc_form_message trx_addons_column-1_2\"><label class=\"sc_form_field sc_form_field_message required\">\n\t\t<span class=\"sc_form_field_wrap\"><textarea \n\t\t\t\t\tname=\"message\"\n\t\t\t\t\tid=\"message\"\n\t\t\t\t\t aria-required=\"true\"\t\t\t\t\t\t\t\t\t\t><\/textarea><span class=\"sc_form_field_hover\"><svg class=\"sc_form_field_graphic\" preserveAspectRatio=\"none\" viewBox=\"0 0 520 190\" height=\"100%\" width=\"100%\"><path d=\"m0,0l520,0l0,190l-520,0l0,-190z\"><\/svg><span class=\"sc_form_field_content\" data-content=\"Message\">Message<\/span><\/span>\t<\/span>\n<\/label>\n\t\t\t\t<\/div>\n\t\t\t<\/div>\n            <div class=\"sc_form_field sc_form_field_button sc_form_field_submit\"><button class=\"\">Send Message<\/button>\n            <\/div>\n            <div class=\"trx_addons_message_box sc_form_result\"><\/div>\n\n\t\t<\/div><!-- \/.sc_form_fields -->\n\n\t<\/form>\n\n<\/div><!-- \/.sc_form --><\/div>[vc_empty_space alter_height=\"large\" hide_on_mobile=\"\"][\/vc_column_inner][\/vc_row_inner][\/vc_column][vc_column width=\"1\/2\"]<div class=\"sc_layouts_item\"><div id=\"sc_googlemap_1016800898_wrap\" class=\"sc_googlemap_wrap\"><div id=\"sc_googlemap_1016800898\"\n\t\t\tclass=\"sc_googlemap sc_googlemap_default\"\n\t\t\t style=\"width:100%;height:585px;\"\t\t\tdata-zoom=\"15\"\n\t\t\tdata-style=\"greyscale\"\n        ><iframe\n                    src=\"https:\/\/maps.google.com\/maps?t=m&output=embed&iwloc=near&z=15&q=Libramiento+222@20.600973703328723,-105.22689272136694\"\n                    scrolling=\"no\"\n                    marginheight=\"0\"\n                    marginwidth=\"0\"\n                    frameborder=\"0\"\n                    aria-label=\"Oasis hostel location\"><\/iframe><\/div><\/div><!-- \/.sc_googlemap_wrap --><\/div>[\/vc_column][\/vc_row]<\/div>[\/vc_column][\/vc_row]<\/p>\n<\/div>","protected":false},"excerpt":{"rendered":"<p>[vc_row full_width=&#8221;stretch_row&#8221; css=&#8221;.vc_custom_1482750313829{background-color: #f7f5f2 !important;}&#8221;][vc_column width=&#8221;1\/6&#8243;][\/vc_column][vc_column width=&#8221;2\/3&#8243;][vc_empty_space alter_height=&#8221;huge&#8221; hide_on_mobile=&#8221;&#8221; css=&#8221;.vc_custom_1485163801714{margin-bottom: 1.4rem !important;}&#8221;][vc_empty_space alter_height=&#8221;small&#8221; hide_on_mobile=&#8221;&#8221;][vc_empty_space alter_height=&#8221;small&#8221; hide_on_mobile=&#8221;&#8221; css=&#8221;.vc_custom_1485163841929{margin-top: -0.1rem !important;}&#8221;][vc_column_text]Te damos la bienvenida a nuestro hostal. Abrimos nuestras puertas en el 2005, estamos orgullosos de ser el primer hostal para almas j\u00f3venes en Vallarta. Somos una familia mexicana que decidi\u00f3 comenzar a construir poco a poco nuestro hostal en un barrio&hellip;<\/p>\n","protected":false},"author":1,"featured_media":0,"parent":0,"menu_order":0,"comment_status":"closed","ping_status":"closed","template":"","meta":{"footnotes":""},"class_list":["post-265","page","type-page","status-publish","hentry"],"_links":{"self":[{"href":"https:\/\/www.oasishostel.com\/w\/wp-json\/wp\/v2\/pages\/265","targetHints":{"allow":["GET"]}}],"collection":[{"href":"https:\/\/www.oasishostel.com\/w\/wp-json\/wp\/v2\/pages"}],"about":[{"href":"https:\/\/www.oasishostel.com\/w\/wp-json\/wp\/v2\/types\/page"}],"author":[{"embeddable":true,"href":"https:\/\/www.oasishostel.com\/w\/wp-json\/wp\/v2\/users\/1"}],"replies":[{"embeddable":true,"href":"https:\/\/www.oasishostel.com\/w\/wp-json\/wp\/v2\/comments?post=265"}],"version-history":[{"count":18,"href":"https:\/\/www.oasishostel.com\/w\/wp-json\/wp\/v2\/pages\/265\/revisions"}],"predecessor-version":[{"id":1275,"href":"https:\/\/www.oasishostel.com\/w\/wp-json\/wp\/v2\/pages\/265\/revisions\/1275"}],"wp:attachment":[{"href":"https:\/\/www.oasishostel.com\/w\/wp-json\/wp\/v2\/media?parent=265"}],"curies":[{"name":"wp","href":"https:\/\/api.w.org\/{rel}","templated":true}]}}