{"id":824,"date":"2019-01-03T09:39:23","date_gmt":"2019-01-03T09:39:23","guid":{"rendered":"http:\/\/cityhostel.axiomthemes.com\/?page_id=824"},"modified":"2023-08-22T00:53:12","modified_gmt":"2023-08-22T05:53:12","slug":"aviso","status":"publish","type":"page","link":"https:\/\/www.oasishostel.com\/w\/aviso\/","title":{"rendered":"Aviso de Privacidad"},"content":{"rendered":"<div class=\"wpb-content-wrapper\"><p>[vc_row hide_bg_image_on_tablet=&#8221;&#8221; hide_bg_image_on_mobile=&#8221;&#8221; css=&#8221;.vc_custom_1527690588959{background-color: #f7f8f9 !important;}&#8221;][vc_column icons_position=&#8221;left&#8221;][vc_empty_space height=&#8221;4em&#8221; alter_height=&#8221;none&#8221; hide_on_mobile=&#8221;&#8221; hide_on_desktop=&#8221;&#8221; hide_on_notebook=&#8221;&#8221; hide_on_tablet=&#8221;&#8221;]<div id=\"sc_content_1577363119\"\n\t\tclass=\"sc_content sc_content_default sc_float_center p70\"><div class=\"sc_content_container\">[vc_column_text]<\/p>\n<h5 align=\"left\"><strong>1<\/strong><\/h5>\n<p class=\"western\" align=\"left\"><span style=\"font-family: Arial, serif;\"><span style=\"font-size: small;\"><span lang=\"es-MX\">Oasis Hostel, con domicilio en Av. Luis Donaldo Colosio #222C Col. Benito Ju\u00e1rez, Puerto Vallarta, Jalisco. Es responsable del tratamiento de sus datos personales. Correo: info@oasishostel.com Tel\u00e9fono: (322) 22<\/span><\/span><\/span><span style=\"font-family: Arial, serif;\"><span style=\"font-size: small;\"><span lang=\"es-MX\">2 2636<\/span><\/span><\/span><\/p>\n<p>[\/vc_column_text]<\/div><\/div><!-- \/.sc_content -->[vc_empty_space height=&#8221;4em&#8221; alter_height=&#8221;none&#8221; hide_on_mobile=&#8221;&#8221; hide_on_desktop=&#8221;&#8221; hide_on_notebook=&#8221;&#8221; hide_on_tablet=&#8221;&#8221;][\/vc_column][\/vc_row][vc_row][vc_column icons_position=&#8221;left&#8221;][vc_empty_space height=&#8221;70px&#8221; alter_height=&#8221;none&#8221; hide_on_mobile=&#8221;&#8221; hide_on_desktop=&#8221;&#8221; hide_on_notebook=&#8221;&#8221; hide_on_tablet=&#8221;&#8221;][\/vc_column][\/vc_row][vc_row hide_bg_image_on_tablet=&#8221;&#8221; hide_bg_image_on_mobile=&#8221;&#8221; css=&#8221;.vc_custom_1527690597112{background-color: #f7f8f9 !important;}&#8221;][vc_column icons_position=&#8221;left&#8221;][vc_empty_space height=&#8221;4em&#8221; alter_height=&#8221;none&#8221; hide_on_mobile=&#8221;&#8221; hide_on_desktop=&#8221;&#8221; hide_on_notebook=&#8221;&#8221; hide_on_tablet=&#8221;&#8221;]<div id=\"sc_content_1408711589\"\n\t\tclass=\"sc_content sc_content_default sc_float_center p70\"><div class=\"sc_content_container\">[vc_column_text]<\/p>\n<h5 align=\"left\"><strong>2<\/strong><\/h5>\n<p class=\"western\" align=\"left\"><span style=\"font-family: Arial, serif;\"><span style=\"font-size: small;\">Sus datos personales ser\u00e1n utilizados para las siguientes finalidades: Proveer los servicios y productos requeridos por usted; Informar sobre cambios o nuevos productos o servicios que est\u00e9n relacionados con el contratado o adquirido por el cliente; Dar cumplimiento a obligaciones contra\u00eddas con nuestros clientes; Evaluar la calidad del servicio, y Realizar estudios internos sobre h\u00e1bitos de consumo.<\/span><\/span><\/p>\n<p>[\/vc_column_text]<\/div><\/div><!-- \/.sc_content -->[vc_empty_space height=&#8221;4em&#8221; alter_height=&#8221;none&#8221; hide_on_mobile=&#8221;&#8221; hide_on_desktop=&#8221;&#8221; hide_on_notebook=&#8221;&#8221; hide_on_tablet=&#8221;&#8221;][\/vc_column][\/vc_row][vc_row][vc_column icons_position=&#8221;left&#8221;][vc_empty_space height=&#8221;70px&#8221; alter_height=&#8221;none&#8221; hide_on_mobile=&#8221;&#8221; hide_on_desktop=&#8221;&#8221; hide_on_notebook=&#8221;&#8221; hide_on_tablet=&#8221;&#8221;][\/vc_column][\/vc_row][vc_row hide_bg_image_on_tablet=&#8221;&#8221; hide_bg_image_on_mobile=&#8221;&#8221; css=&#8221;.vc_custom_1527690601612{background-color: #f7f8f9 !important;}&#8221;][vc_column icons_position=&#8221;left&#8221;][vc_empty_space height=&#8221;4em&#8221; alter_height=&#8221;none&#8221; hide_on_mobile=&#8221;&#8221; hide_on_desktop=&#8221;&#8221; hide_on_notebook=&#8221;&#8221; hide_on_tablet=&#8221;&#8221;]<div id=\"sc_content_542056435\"\n\t\tclass=\"sc_content sc_content_default sc_float_center p70\"><div class=\"sc_content_container\">[vc_column_text]<\/p>\n<h5 align=\"left\">3<\/h5>\n<p class=\"western\" align=\"left\"><span style=\"font-family: Arial, serif;\"><span style=\"font-size: small;\">Para las finalidades se\u00f1aladas en el presente aviso de privacidad, podemos recabar sus datos personales de distintas formas: cuando usted nos los proporciona directamente; cuando visita nuestro sitio de Internet o utiliza nuestros servicios en l\u00ednea (Sitio web, Facebook, Google Negocios, etc) y cuando obtenemos informaci\u00f3n a trav\u00e9s de otras fuentes que est\u00e1n permitidas por la ley. <\/span><\/span><\/p>\n<p class=\"western\" align=\"left\"><span style=\"font-family: Arial, serif;\"><span style=\"font-size: small;\">Datos personales que recabamos de forma directa Recabamos sus datos personales de forma directa cuando usted mismo nos los proporciona por diversos medios, como cuando participa en nuestras promociones o nos da informaci\u00f3n con objeto de que le prestemos un servicio. Los datos que obtenemos por este medio pueden ser, entre otros: Nombre, Direcci\u00f3n, Tel\u00e9fono, Correo electr\u00f3nico, RFC, No. De INE, No. De pasaporte.<\/span><\/span><\/p>\n<p class=\"western\" align=\"left\"><span style=\"font-family: Arial, serif;\"><span style=\"font-size: small;\">Datos personales que recabamos cuando visita nuestro sitio de Internet o utiliza nuestros servicios en l\u00ednea: -Nombre -Correo electr\u00f3nico -Tel\u00e9fono -IP publica Datos personales que recabamos a trav\u00e9s de otras fuentes Podemos obtener informaci\u00f3n de usted de otras fuentes permitidas por la ley, tales como los directorios telef\u00f3nicos o laborales. Los datos que obtenemos por estos medios pueden ser, entre otros: -Nombre -Tel\u00e9fono -Direcci\u00f3n<\/span><\/span><\/p>\n<p>[\/vc_column_text]<\/div><\/div><!-- \/.sc_content -->[vc_empty_space height=&#8221;4em&#8221; alter_height=&#8221;none&#8221; hide_on_mobile=&#8221;&#8221; hide_on_desktop=&#8221;&#8221; hide_on_notebook=&#8221;&#8221; hide_on_tablet=&#8221;&#8221;][\/vc_column][\/vc_row][vc_row][vc_column icons_position=&#8221;left&#8221;][vc_empty_space height=&#8221;70px&#8221; alter_height=&#8221;none&#8221; hide_on_mobile=&#8221;&#8221; hide_on_desktop=&#8221;&#8221; hide_on_notebook=&#8221;&#8221; hide_on_tablet=&#8221;&#8221;][\/vc_column][\/vc_row][vc_row hide_bg_image_on_tablet=&#8221;&#8221; hide_bg_image_on_mobile=&#8221;&#8221; css=&#8221;.vc_custom_1527690606563{background-color: #f7f8f9 !important;}&#8221;][vc_column icons_position=&#8221;left&#8221;][vc_empty_space height=&#8221;4em&#8221; alter_height=&#8221;none&#8221; hide_on_mobile=&#8221;&#8221; hide_on_desktop=&#8221;&#8221; hide_on_notebook=&#8221;&#8221; hide_on_tablet=&#8221;&#8221;]<div id=\"sc_content_1412553353\"\n\t\tclass=\"sc_content sc_content_default sc_float_center p70\"><div class=\"sc_content_container\">[vc_column_text]<\/p>\n<h5>4<\/h5>\n<p>No recabamos datos personales sensibles.[\/vc_column_text]<\/div><\/div><!-- \/.sc_content -->[vc_empty_space height=&#8221;4em&#8221; alter_height=&#8221;none&#8221; hide_on_mobile=&#8221;&#8221; hide_on_desktop=&#8221;&#8221; hide_on_notebook=&#8221;&#8221; hide_on_tablet=&#8221;&#8221;][\/vc_column][\/vc_row][vc_row][vc_column icons_position=&#8221;left&#8221;][vc_empty_space height=&#8221;70px&#8221; alter_height=&#8221;none&#8221; hide_on_mobile=&#8221;&#8221; hide_on_desktop=&#8221;&#8221; hide_on_notebook=&#8221;&#8221; hide_on_tablet=&#8221;&#8221;][\/vc_column][\/vc_row][vc_row hide_bg_image_on_tablet=&#8221;&#8221; hide_bg_image_on_mobile=&#8221;&#8221; css=&#8221;.vc_custom_1527690611459{background-color: #f7f8f9 !important;}&#8221;][vc_column icons_position=&#8221;left&#8221;][vc_empty_space height=&#8221;4em&#8221; alter_height=&#8221;none&#8221; hide_on_mobile=&#8221;&#8221; hide_on_desktop=&#8221;&#8221; hide_on_notebook=&#8221;&#8221; hide_on_tablet=&#8221;&#8221;]<div id=\"sc_content_82534400\"\n\t\tclass=\"sc_content sc_content_default sc_float_center p70\"><div class=\"sc_content_container\">[vc_column_text]<\/p>\n<h5>5<\/h5>\n<p>Usted puede dejar de recibir mensajes promocionales por tel\u00e9fono fijo o celular siguiendo los siguientes pasos: &#8211; Nombre &#8211; Raz\u00f3n de cancelaci\u00f3n de promociones &#8211; N\u00famero telef\u00f3nico a dar de baja, Asimismo, puede dejar de recibir correo postal publicitario. El correo postal publicitario puede contener instrucciones para optar por no participar o puede dejar de recibir correo postal siguiendo las siguientes instrucciones, enviar un correo electr\u00f3nico a info@oasishostel.com proporcionando: -Nombre -Direcci\u00f3n -Raz\u00f3n de cancelaci\u00f3n de promociones Tambi\u00e9n puede dejar de recibir correos electr\u00f3nicos con promocionales enviando un correo electr\u00f3nico a info@oasishostel.com proporcionando: -Nombre -Correo electr\u00f3nico(por dar de baja de promociones) -Raz\u00f3n de cancelaci\u00f3n de promociones[\/vc_column_text]<\/div><\/div><!-- \/.sc_content -->[vc_empty_space height=&#8221;4em&#8221; alter_height=&#8221;none&#8221; hide_on_mobile=&#8221;&#8221; hide_on_desktop=&#8221;&#8221; hide_on_notebook=&#8221;&#8221; hide_on_tablet=&#8221;&#8221;][\/vc_column][\/vc_row][vc_row][vc_column icons_position=&#8221;left&#8221;][vc_empty_space height=&#8221;70px&#8221; alter_height=&#8221;none&#8221; hide_on_mobile=&#8221;&#8221; hide_on_desktop=&#8221;&#8221; hide_on_notebook=&#8221;&#8221; hide_on_tablet=&#8221;&#8221;][\/vc_column][\/vc_row][vc_row hide_bg_image_on_tablet=&#8221;&#8221; hide_bg_image_on_mobile=&#8221;&#8221; css=&#8221;.vc_custom_1527690611459{background-color: #f7f8f9 !important;}&#8221;][vc_column icons_position=&#8221;left&#8221;][vc_empty_space height=&#8221;4em&#8221; alter_height=&#8221;none&#8221; hide_on_mobile=&#8221;&#8221; hide_on_desktop=&#8221;&#8221; hide_on_notebook=&#8221;&#8221; hide_on_tablet=&#8221;&#8221;]<div id=\"sc_content_1304715287\"\n\t\tclass=\"sc_content sc_content_default sc_float_center p70\"><div class=\"sc_content_container\">[vc_column_text]<\/p>\n<h5>6<\/h5>\n<p>Usted tiene derecho de acceder a sus datos personales que poseemos y a los detalles del tratamiento de los mismos, as\u00ed como a rectificarlos en caso de ser inexactos o incompletos; cancelarlos cuando considere que no se requieren para alguna de las finalidades se\u00f1alados en el presente aviso de privacidad, est\u00e9n siendo utilizados para finalidades no consentidas o haya finalizado la relaci\u00f3n contractual o de servicio, o bien, oponerse al tratamiento de los mismos para fines espec\u00edficos. Los mecanismos que se han implementado para el ejercicio de dichos derechos son a trav\u00e9s de la presentaci\u00f3n de la solicitud respectiva en: Personalmente en las oficinas de Oasis Hostel o de manera electr\u00f3nica a info@oasishostel.com. Su solicitud deber\u00e1 contener la siguiente informaci\u00f3n: Nombre, correo electr\u00f3nico y los datos a corregir o anexar si es el caso. Los plazos para atender su solicitud son los siguientes: Dos d\u00edas h\u00e1biles. Para mayor informaci\u00f3n, favor de comunicarse a info@oasishostel.com[\/vc_column_text]<\/div><\/div><!-- \/.sc_content -->[vc_empty_space height=&#8221;4em&#8221; alter_height=&#8221;none&#8221; hide_on_mobile=&#8221;&#8221; hide_on_desktop=&#8221;&#8221; hide_on_notebook=&#8221;&#8221; hide_on_tablet=&#8221;&#8221;][\/vc_column][\/vc_row][vc_row][vc_column icons_position=&#8221;left&#8221;][vc_empty_space height=&#8221;70px&#8221; alter_height=&#8221;none&#8221; hide_on_mobile=&#8221;&#8221; hide_on_desktop=&#8221;&#8221; hide_on_notebook=&#8221;&#8221; hide_on_tablet=&#8221;&#8221;][\/vc_column][\/vc_row][vc_row hide_bg_image_on_tablet=&#8221;&#8221; hide_bg_image_on_mobile=&#8221;&#8221; css=&#8221;.vc_custom_1527690611459{background-color: #f7f8f9 !important;}&#8221;][vc_column icons_position=&#8221;left&#8221;][vc_empty_space height=&#8221;4em&#8221; alter_height=&#8221;none&#8221; hide_on_mobile=&#8221;&#8221; hide_on_desktop=&#8221;&#8221; hide_on_notebook=&#8221;&#8221; hide_on_tablet=&#8221;&#8221;]<div id=\"sc_content_1835604940\"\n\t\tclass=\"sc_content sc_content_default sc_float_center p70\"><div class=\"sc_content_container\">[vc_column_text]<\/p>\n<h5>7<\/h5>\n<p>En todo momento, usted podr\u00e1 revocar el consentimiento que nos ha otorgado para el tratamiento de sus datos personales, a fin de que dejemos de hacer uso de los mismos. Para ello, es necesario que presente su petici\u00f3n acudiendo personalmente a las oficinas de Oasis Hostel o de manera electr\u00f3nica a info@oasishostel.com Su petici\u00f3n deber\u00e1 ir acompa\u00f1ada de la siguiente informaci\u00f3n: Nombre y correo electr\u00f3nico. En un plazo m\u00e1ximo de 4 d\u00edas h\u00e1biles atenderemos su petici\u00f3n y le informaremos sobre la procedencia de la misma a trav\u00e9s de correo electr\u00f3nico.[\/vc_column_text]<\/div><\/div><!-- \/.sc_content -->[vc_empty_space height=&#8221;4em&#8221; alter_height=&#8221;none&#8221; hide_on_mobile=&#8221;&#8221; hide_on_desktop=&#8221;&#8221; hide_on_notebook=&#8221;&#8221; hide_on_tablet=&#8221;&#8221;][\/vc_column][\/vc_row][vc_row][vc_column icons_position=&#8221;left&#8221;][vc_empty_space height=&#8221;70px&#8221; alter_height=&#8221;none&#8221; hide_on_mobile=&#8221;&#8221; hide_on_desktop=&#8221;&#8221; hide_on_notebook=&#8221;&#8221; hide_on_tablet=&#8221;&#8221;][\/vc_column][\/vc_row][vc_row hide_bg_image_on_tablet=&#8221;&#8221; hide_bg_image_on_mobile=&#8221;&#8221; css=&#8221;.vc_custom_1527690611459{background-color: #f7f8f9 !important;}&#8221;][vc_column icons_position=&#8221;left&#8221;][vc_empty_space height=&#8221;4em&#8221; alter_height=&#8221;none&#8221; hide_on_mobile=&#8221;&#8221; hide_on_desktop=&#8221;&#8221; hide_on_notebook=&#8221;&#8221; hide_on_tablet=&#8221;&#8221;]<div id=\"sc_content_58680050\"\n\t\tclass=\"sc_content sc_content_default sc_float_center p70\"><div class=\"sc_content_container\">[vc_column_text]<\/p>\n<h5>8<\/h5>\n<p>Nos reservamos el derecho de efectuar en cualquier momento modificaciones o actualizaciones al presente aviso de privacidad, para la atenci\u00f3n de novedades legislativas, pol\u00edticas internas o nuevos requerimientos para la prestaci\u00f3n u ofrecimiento de nuestros servicios o productos. Estas modificaciones estar\u00e1n disponibles al p\u00fablico a trav\u00e9s de los siguientes medios: (i) anuncios visibles en nuestros establecimientos o centros de atenci\u00f3n a clientes; (ii) en nuestra p\u00e1gina de Internet www.oasishostel.com\/aviso; (iii) o se las haremos llegar al \u00faltimo correo electr\u00f3nico que nos haya proporcionado.[\/vc_column_text]<\/div><\/div><!-- \/.sc_content -->[vc_empty_space height=&#8221;4em&#8221; alter_height=&#8221;none&#8221; hide_on_mobile=&#8221;&#8221; hide_on_desktop=&#8221;&#8221; hide_on_notebook=&#8221;&#8221; hide_on_tablet=&#8221;&#8221;][\/vc_column][\/vc_row][vc_row][vc_column icons_position=&#8221;left&#8221;][vc_empty_space height=&#8221;70px&#8221; alter_height=&#8221;none&#8221; hide_on_mobile=&#8221;&#8221; hide_on_desktop=&#8221;&#8221; hide_on_notebook=&#8221;&#8221; hide_on_tablet=&#8221;&#8221;][\/vc_column][\/vc_row][vc_row hide_bg_image_on_tablet=&#8221;&#8221; hide_bg_image_on_mobile=&#8221;&#8221; css=&#8221;.vc_custom_1527690611459{background-color: #f7f8f9 !important;}&#8221;][vc_column icons_position=&#8221;left&#8221;][vc_empty_space height=&#8221;4em&#8221; alter_height=&#8221;none&#8221; hide_on_mobile=&#8221;&#8221; hide_on_desktop=&#8221;&#8221; hide_on_notebook=&#8221;&#8221; hide_on_tablet=&#8221;&#8221;]<div id=\"sc_content_881818218\"\n\t\tclass=\"sc_content sc_content_default sc_float_center p70\"><div class=\"sc_content_container\">[vc_column_text]<\/p>\n<h5>9<\/h5>\n<p>Las cookies son archivos de texto que son descargados autom\u00e1ticamente y almacenados en el disco duro del equipo de c\u00f3mputo del usuario al navegar en una p\u00e1gina de Internet espec\u00edfica, que permiten recordar al servidor de Internet algunos datos sobre este usuario, entre ellos, sus preferencias para la visualizaci\u00f3n de las p\u00e1ginas en ese servidor, nombre y contrase\u00f1a. Por su parte, las web beacons son im\u00e1genes insertadas en una p\u00e1gina de Internet o correo electr\u00f3nico, que puede ser utilizado para monitorear el comportamiento de un visitante, como almacenar informaci\u00f3n sobre la direcci\u00f3n IP del usuario, duraci\u00f3n del tiempo de interacci\u00f3n en dicha p\u00e1gina y el tipo de navegador utilizado, entre otros Le informamos que utilizamos cookies y web beacons para obtener informaci\u00f3n personal de usted, como la siguiente: -Su tipo de navegador y sistema operativo. -Las p\u00e1ginas de Internet que visita. -Los v\u00ednculos que sigue. -La direcci\u00f3n IP. -El sitio que visit\u00f3 antes de entrar al nuestro. Estas cookies y otras tecnolog\u00edas pueden ser deshabilitadas. Para conocer c\u00f3mo hacerlo, consulte el siguiente v\u00ednculo o direcci\u00f3n electr\u00f3nica cookies.[\/vc_column_text]<\/div><\/div><!-- \/.sc_content -->[vc_empty_space height=&#8221;4em&#8221; alter_height=&#8221;none&#8221; hide_on_mobile=&#8221;&#8221; hide_on_desktop=&#8221;&#8221; hide_on_notebook=&#8221;&#8221; hide_on_tablet=&#8221;&#8221;][\/vc_column][\/vc_row][vc_row][vc_column icons_position=&#8221;left&#8221;][vc_empty_space height=&#8221;70px&#8221; alter_height=&#8221;none&#8221; hide_on_mobile=&#8221;&#8221; hide_on_desktop=&#8221;&#8221; hide_on_notebook=&#8221;&#8221; hide_on_tablet=&#8221;&#8221;][\/vc_column][\/vc_row][vc_row hide_bg_image_on_tablet=&#8221;&#8221; hide_bg_image_on_mobile=&#8221;&#8221; css=&#8221;.vc_custom_1527690611459{background-color: #f7f8f9 !important;}&#8221;][vc_column icons_position=&#8221;left&#8221;][vc_empty_space height=&#8221;4em&#8221; alter_height=&#8221;none&#8221; hide_on_mobile=&#8221;&#8221; hide_on_desktop=&#8221;&#8221; hide_on_notebook=&#8221;&#8221; hide_on_tablet=&#8221;&#8221;]<div id=\"sc_content_45424410\"\n\t\tclass=\"sc_content sc_content_default sc_float_center p70\"><div class=\"sc_content_container\">[vc_column_text]<\/p>\n<h5>10<\/h5>\n<p>Si usted considera que su derecho de protecci\u00f3n de datos personales ha sido lesionado por alguna conducta de nuestros empleados o de nuestras actuaciones o respuestas, presume que en el tratamiento de sus datos personales existe alguna violaci\u00f3n a las disposiciones previstas en la Ley Federal de Protecci\u00f3n de Datos Personales en Posesi\u00f3n de los Particulares, podr\u00e1 interponer la queja o denuncia correspondiente ante el INAI, para mayor informaci\u00f3n visite: www.inai.org.mx[\/vc_column_text]<\/div><\/div><!-- \/.sc_content -->[vc_empty_space height=&#8221;4em&#8221; alter_height=&#8221;none&#8221; hide_on_mobile=&#8221;&#8221; hide_on_desktop=&#8221;&#8221; hide_on_notebook=&#8221;&#8221; hide_on_tablet=&#8221;&#8221;][\/vc_column][\/vc_row]<\/p>\n<\/div>","protected":false},"excerpt":{"rendered":"<p>[vc_row hide_bg_image_on_tablet=&#8221;&#8221; hide_bg_image_on_mobile=&#8221;&#8221; css=&#8221;.vc_custom_1527690588959{background-color: #f7f8f9 !important;}&#8221;][vc_column icons_position=&#8221;left&#8221;][vc_empty_space height=&#8221;4em&#8221; alter_height=&#8221;none&#8221; hide_on_mobile=&#8221;&#8221; hide_on_desktop=&#8221;&#8221; hide_on_notebook=&#8221;&#8221; hide_on_tablet=&#8221;&#8221;][vc_empty_space height=&#8221;4em&#8221; alter_height=&#8221;none&#8221; hide_on_mobile=&#8221;&#8221; hide_on_desktop=&#8221;&#8221; hide_on_notebook=&#8221;&#8221; hide_on_tablet=&#8221;&#8221;][\/vc_column][\/vc_row][vc_row][vc_column icons_position=&#8221;left&#8221;][vc_empty_space height=&#8221;70px&#8221; alter_height=&#8221;none&#8221; hide_on_mobile=&#8221;&#8221; hide_on_desktop=&#8221;&#8221; hide_on_notebook=&#8221;&#8221; hide_on_tablet=&#8221;&#8221;][\/vc_column][\/vc_row][vc_row hide_bg_image_on_tablet=&#8221;&#8221; hide_bg_image_on_mobile=&#8221;&#8221; css=&#8221;.vc_custom_1527690597112{background-color: #f7f8f9 !important;}&#8221;][vc_column icons_position=&#8221;left&#8221;][vc_empty_space height=&#8221;4em&#8221; alter_height=&#8221;none&#8221; hide_on_mobile=&#8221;&#8221; hide_on_desktop=&#8221;&#8221; hide_on_notebook=&#8221;&#8221; hide_on_tablet=&#8221;&#8221;][vc_empty_space height=&#8221;4em&#8221; alter_height=&#8221;none&#8221; hide_on_mobile=&#8221;&#8221; hide_on_desktop=&#8221;&#8221; hide_on_notebook=&#8221;&#8221; hide_on_tablet=&#8221;&#8221;][\/vc_column][\/vc_row][vc_row][vc_column icons_position=&#8221;left&#8221;][vc_empty_space height=&#8221;70px&#8221; alter_height=&#8221;none&#8221; hide_on_mobile=&#8221;&#8221; hide_on_desktop=&#8221;&#8221; hide_on_notebook=&#8221;&#8221; hide_on_tablet=&#8221;&#8221;][\/vc_column][\/vc_row][vc_row hide_bg_image_on_tablet=&#8221;&#8221; hide_bg_image_on_mobile=&#8221;&#8221; css=&#8221;.vc_custom_1527690601612{background-color: #f7f8f9 !important;}&#8221;][vc_column icons_position=&#8221;left&#8221;][vc_empty_space height=&#8221;4em&#8221; alter_height=&#8221;none&#8221; hide_on_mobile=&#8221;&#8221;&hellip;<\/p>\n","protected":false},"author":1,"featured_media":0,"parent":0,"menu_order":0,"comment_status":"closed","ping_status":"closed","template":"","meta":{"footnotes":""},"class_list":["post-824","page","type-page","status-publish","hentry"],"_links":{"self":[{"href":"https:\/\/www.oasishostel.com\/w\/wp-json\/wp\/v2\/pages\/824","targetHints":{"allow":["GET"]}}],"collection":[{"href":"https:\/\/www.oasishostel.com\/w\/wp-json\/wp\/v2\/pages"}],"about":[{"href":"https:\/\/www.oasishostel.com\/w\/wp-json\/wp\/v2\/types\/page"}],"author":[{"embeddable":true,"href":"https:\/\/www.oasishostel.com\/w\/wp-json\/wp\/v2\/users\/1"}],"replies":[{"embeddable":true,"href":"https:\/\/www.oasishostel.com\/w\/wp-json\/wp\/v2\/comments?post=824"}],"version-history":[{"count":9,"href":"https:\/\/www.oasishostel.com\/w\/wp-json\/wp\/v2\/pages\/824\/revisions"}],"predecessor-version":[{"id":1278,"href":"https:\/\/www.oasishostel.com\/w\/wp-json\/wp\/v2\/pages\/824\/revisions\/1278"}],"wp:attachment":[{"href":"https:\/\/www.oasishostel.com\/w\/wp-json\/wp\/v2\/media?parent=824"}],"curies":[{"name":"wp","href":"https:\/\/api.w.org\/{rel}","templated":true}]}}